{"id":1746,"date":"2025-01-03T15:17:06","date_gmt":"2025-01-03T14:17:06","guid":{"rendered":"https:\/\/www.bltende.it\/?page_id=1746"},"modified":"2025-02-20T15:54:36","modified_gmt":"2025-02-20T14:54:36","slug":"chi-siamo","status":"publish","type":"page","link":"https:\/\/www.bltende.it\/?page_id=1746","title":{"rendered":"CHI SIAMO"},"content":{"rendered":"<p>[et_pb_section fb_built=&#8221;1&#8243; admin_label=&#8221;Header&#8221; _builder_version=&#8221;4.20.0&#8243; _module_preset=&#8221;default&#8221; collapsed=&#8221;on&#8221; global_colors_info=&#8221;{}&#8221;][et_pb_row _builder_version=&#8221;4.20.0&#8243; _module_preset=&#8221;default&#8221; global_colors_info=&#8221;{}&#8221;][et_pb_column type=&#8221;4_4&#8243; _builder_version=&#8221;4.20.0&#8243; _module_preset=&#8221;default&#8221; global_colors_info=&#8221;{}&#8221;][et_pb_text _builder_version=&#8221;4.27.4&#8243; _module_preset=&#8221;ef498efb-c3b1-4e2b-a03e-731c2ffc1eb5&#8243; text_orientation=&#8221;center&#8221; global_colors_info=&#8221;{}&#8221;]<\/p>\n<h1>Chi siamo<\/h1>\n<p>[\/et_pb_text][\/et_pb_column][\/et_pb_row][et_pb_row custom_padding_last_edited=&#8221;on|tablet&#8221; _builder_version=&#8221;4.20.0&#8243; _module_preset=&#8221;default&#8221; background_color=&#8221;#000000&#8243; custom_padding=&#8221;80px|80px|80px|80px|true|true&#8221; custom_padding_tablet=&#8221;40px|40px|40px|40px|true|true&#8221; custom_padding_phone=&#8221;20px|20px|20px|20px|true|true&#8221; global_colors_info=&#8221;{}&#8221;][et_pb_column type=&#8221;4_4&#8243; _builder_version=&#8221;4.20.0&#8243; _module_preset=&#8221;default&#8221; global_colors_info=&#8221;{}&#8221;][et_pb_image src=&#8221;https:\/\/www.bltende.it\/wordpress\/wp-content\/uploads\/2025\/02\/20241122_162653-scaled.jpg&#8221; title_text=&#8221;20241122_162653&#8243; _builder_version=&#8221;4.27.4&#8243; _module_preset=&#8221;default&#8221; global_colors_info=&#8221;{}&#8221;][\/et_pb_image][et_pb_text _builder_version=&#8221;4.27.4&#8243; _module_preset=&#8221;a6bff768-296a-4775-9c9c-2b69a64f909c&#8221; text_text_color=&#8221;#FFFFFF&#8221; hover_enabled=&#8221;0&#8243; global_colors_info=&#8221;{}&#8221; sticky_enabled=&#8221;0&#8243;]<\/p>\n<p><strong>BL Tende di Limbiate<\/strong> rappresenta una storia di innovazione, qualit\u00e0 e fiducia. Per pi\u00f9 di 30 anni abbiamo offerto soluzioni artigianali di alto livello con la produzione di salotti e la realizzazione di tendaggi per l\u2019interno, il tutto con l\u2019adeguato servizio che ci ha sempre contraddistinto, proponendo costantemente la massima qualit\u00e0. Il pi\u00f9 delle volte siamo riusciti ad instaurare con il cliente una complicit\u00e0 che ci ha portato dapprima a fidarci ciecamente delle nostre abilit\u00e0, poi nel proseguo con il <strong>\u201cpassaparola\u201d<\/strong> che, fino a qualche anno fa, avveniva solamente guardandosi negli occhi.<\/p>\n<p>A crearci qualche dubbio ci ha pensato la grande distribuzione e quando ha preso il sopravvento, per noi \u00e8 scoccata l\u2019ora di decidere quale strada intraprendere.<\/p>\n<p>Tralasciato il campo degli imbottiti e della tappezzeria in pelle e stoffa ci siamo focalizzati su quello che in quel momento era un completamento di ci\u00f2 che si produceva, ossia il <strong>tendaggio<\/strong>.<\/p>\n<p>Affiancati dai migliori marchi presenti sul mercato nazionale, abbiamo voluto scegliere <strong>aziende produttrici italiane che certificano i loro prodotti utilizzando materiali all\u2019avanguardia<\/strong> frutto di una ricerca assidua e costante con l\u2019obiettivo comune di portare all\u2019interno di ciascuno spazio un tocco di personalit\u00e0, e arredare con gusto, soddisfacendo lo stile di ognuno.<\/p>\n<p>[\/et_pb_text][et_pb_image src=&#8221;https:\/\/www.bltende.it\/wordpress\/wp-content\/uploads\/2025\/02\/esposizione-tende.png&#8221; _builder_version=&#8221;4.27.4&#8243; _module_preset=&#8221;default&#8221; title_text=&#8221;esposizione tende&#8221; force_fullwidth=&#8221;on&#8221; hover_enabled=&#8221;0&#8243; sticky_enabled=&#8221;0&#8243;][\/et_pb_image][et_pb_text _builder_version=&#8221;4.27.4&#8243; _module_preset=&#8221;a6bff768-296a-4775-9c9c-2b69a64f909c&#8221; text_text_color=&#8221;#FFFFFF&#8221; hover_enabled=&#8221;0&#8243; global_colors_info=&#8221;{}&#8221; sticky_enabled=&#8221;0&#8243;]<\/p>\n<p>La richiesta di un mercato sempre pi\u00f9 esigente, ci ha portato poi \u00a0ad approfondire anche il mondo della tenda per esterno \u00a0con <strong>\u00a0le tende da sole<\/strong> e dopo aver maturato anni \u00a0di esperienza nel settore, siamo oggi\u00a0<strong>Atelier Gibus Autorizzato<\/strong>, che ci ha introdotto nel mondo delle<strong> pergole inclinate<\/strong>, strutture bioclimatiche di assoluta qualit\u00e0 e design rendendoci \u00a0consapevoli del fatto che questo ci porta ad alzare notevolmente le aspettative del cliente finale. Siamo incuriositi quotidianamente da ci\u00f2 che il settore dell\u2019outdoor ci richiede e la voglia di stare al passo con la tecnologia e il design ci porta ad un aggiornamento costante.<\/p>\n<p>Offriamo \u00a0soluzioni per il mondo\u00a0<strong>HO.RE.CA.<\/strong>, cio\u00e8 destinate alla clientela che utilizza i nostri prodotti per la propria professione, con anche la possibilit\u00e0 di\u00a0<strong>noleggiare<\/strong>\u00a0la struttura e decidere poi se riscattarla\u201d.<\/p>\n<p>Completano la gamma le\u00a0<strong>zanzariere,<\/strong>\u00a0per le quali \u00e8 garantita la stessa attenzione nel proporre prodotti aggiornati \u00a0di alto livello e qualit\u00e0, assicurando cos\u00ec un risultato duraturo.<\/p>\n<p>Inoltre <strong>BL Tende<\/strong>, fornisce \u00a0tende tecniche: rullo, verticali, veneziane, ecc&#8230; anche per grandi forniture per uffici ed enti.<\/p>\n<p>Dalla progettazione alla posa, quindi, seguiamo tutte le fasi della lavorazione,\u00a0 garantendo un servizio che non si ferma alla consegna. Gli innumerevoli campionari di tessuti, \u00a0perennemente aggiornati, presenti nel nuovo \u00a0<strong>Show-room in Viale dei Mille a Limbiate,<\/strong> \u00a0aiutano il cliente nella personalizzazione del proprio ambiente.<\/p>\n<p><strong>Affidabilit\u00e0, qualit\u00e0, seriet\u00e0, <\/strong>\u00a0sono le strade che percorriamo, seguiamo la nostra passione, crediamo nell\u2019arte, nell\u2019 eleganza e nell\u2019estetica accattivante che un prodotto deve avere, nelle atmosfere e nei colori \u00a0che cambiano l\u2019umore e nelle forme che possono scaldare una casa e rendere pi\u00f9 emozionante un ambiente sia esso un\u2019 abitazione, un giardino, un terrazzo o un ufficio. L\u2019<strong>attenzione alla qualit\u00e0 e al design<\/strong>\u00a0dei prodotti che scegliamo \u00e8 la base della nostra filosofia aziendale.<\/p>\n<p><strong>Mantenersi in continuo aggiornamento \u00e8 per noi una sfida quotidiana, cercando costantemente soluzioni dedicate e all\u2019avanguardia per l\u2019indoor e l\u2019outdoor .<\/strong><\/p>\n<p>[\/et_pb_text][et_pb_button button_url=&#8221;https:\/\/www.bltende.it\/?page_id=157&#8243; button_text=&#8221;CONTATTACI&#8221; button_alignment=&#8221;center&#8221; _builder_version=&#8221;4.27.4&#8243; _module_preset=&#8221;77d5f14f-2d05-48a2-9bea-af48167fa046&#8243; global_colors_info=&#8221;{}&#8221;][\/et_pb_button][\/et_pb_column][\/et_pb_row][\/et_pb_section][et_pb_section fb_built=&#8221;1&#8243; admin_label=&#8221;Testimonials&#8221; _builder_version=&#8221;4.20.0&#8243; _module_preset=&#8221;default&#8221; collapsed=&#8221;on&#8221; global_colors_info=&#8221;{}&#8221;][et_pb_row _builder_version=&#8221;4.20.0&#8243; _module_preset=&#8221;default&#8221; global_colors_info=&#8221;{}&#8221;][et_pb_column type=&#8221;4_4&#8243; _builder_version=&#8221;4.20.0&#8243; _module_preset=&#8221;default&#8221; global_colors_info=&#8221;{}&#8221;][et_pb_icon font_icon=&#8221;&#xf10d;||fa||900&#8243; icon_color=&#8221;#000000&#8243; icon_width=&#8221;56px&#8221; _builder_version=&#8221;4.20.0&#8243; _module_preset=&#8221;default&#8221; global_colors_info=&#8221;{}&#8221;][\/et_pb_icon][et_pb_slider _builder_version=&#8221;4.27.4&#8243; _module_preset=&#8221;733b1c96-345e-4170-97a0-a07369b13dee&#8221; border_width_top=&#8221;1px&#8221; locked=&#8221;off&#8221; global_colors_info=&#8221;{%22gcid-8b50368a-c64a-42be-b110-e2137ab417d1%22:%91%22header_text_color%22%93}&#8221;][et_pb_slide heading=&#8221;Zaha Hadid&#8221; _builder_version=&#8221;4.27.4&#8243; _module_preset=&#8221;default&#8221; locked=&#8221;off&#8221; global_colors_info=&#8221;{}&#8221; sticky_transition=&#8221;on&#8221;]<\/p>\n<p>&#8220;L\u2019architettura \u00e8 davvero benessere. Penso che la gente voglia sentirsi bene in uno spazio \u2026 Da un lato si tratta di un riparo, dall\u2019altro si tratta anche di un piacere.&#8221;<\/p>\n<p>[\/et_pb_slide][et_pb_slide heading=&#8221;Renzo Piano&#8221; _builder_version=&#8221;4.27.4&#8243; _module_preset=&#8221;default&#8221; locked=&#8221;off&#8221; global_colors_info=&#8221;{}&#8221; sticky_transition=&#8221;on&#8221;]<\/p>\n<p>&#8220;L\u2019 idea di un architetto non \u00e8 mai solo formale. Deve essere al tempo stesso sociale, scientifica e poetica.&#8221;<\/p>\n<p>[\/et_pb_slide][et_pb_slide heading=&#8221;Ettore Sottsass&#8221; _builder_version=&#8221;4.27.4&#8243; _module_preset=&#8221;default&#8221; locked=&#8221;off&#8221; global_colors_info=&#8221;{}&#8221; sticky_transition=&#8221;on&#8221;]<\/p>\n<p>&#8220;L\u2019architettura si abita mentre l\u2019arte si guarda; questa \u00e8 una differenza fondamentale. L\u2019architettura \u00e8 un\u2019esperienza fisica e sensoriale perch\u00e9 ci si va dentro.&#8221;<\/p>\n<p>[\/et_pb_slide][\/et_pb_slider][\/et_pb_column][\/et_pb_row][et_pb_row column_structure=&#8221;1_2,1_2&#8243; _builder_version=&#8221;4.27.4&#8243; _module_preset=&#8221;default&#8221; global_colors_info=&#8221;{}&#8221;][et_pb_column type=&#8221;1_2&#8243; _builder_version=&#8221;4.27.4&#8243; _module_preset=&#8221;default&#8221; global_colors_info=&#8221;{}&#8221;][et_pb_image src=&#8221;https:\/\/www.bltende.it\/wordpress\/wp-content\/uploads\/2025\/02\/20241122_155237-1024&#215;768.jpg&#8221; title_text=&#8221;20241122_155237&#8243; _builder_version=&#8221;4.27.4&#8243; _module_preset=&#8221;default&#8221; global_colors_info=&#8221;{}&#8221;][\/et_pb_image][et_pb_image src=&#8221;https:\/\/www.bltende.it\/wordpress\/wp-content\/uploads\/2025\/02\/angolo-GIBUS1-1024&#215;1019.jpg&#8221; title_text=&#8221;angolo GIBUS1&#8243; _builder_version=&#8221;4.27.4&#8243; _module_preset=&#8221;default&#8221; global_colors_info=&#8221;{}&#8221;][\/et_pb_image][et_pb_image src=&#8221;https:\/\/www.bltende.it\/wordpress\/wp-content\/uploads\/2018\/01\/cropped-logo-bl-tende.png&#8221; title_text=&#8221;cropped-logo-bl-tende.png&#8221; _builder_version=&#8221;4.27.4&#8243; _module_preset=&#8221;default&#8221; global_colors_info=&#8221;{}&#8221;][\/et_pb_image][\/et_pb_column][et_pb_column type=&#8221;1_2&#8243; _builder_version=&#8221;4.27.4&#8243; _module_preset=&#8221;default&#8221; global_colors_info=&#8221;{}&#8221;][et_pb_image src=&#8221;https:\/\/www.bltende.it\/wordpress\/wp-content\/uploads\/2025\/02\/20241211_095600-1024&#215;768.jpg&#8221; title_text=&#8221;20241211_095600&#8243; _builder_version=&#8221;4.27.4&#8243; _module_preset=&#8221;default&#8221; global_colors_info=&#8221;{}&#8221;][\/et_pb_image][et_pb_image src=&#8221;https:\/\/www.bltende.it\/wordpress\/wp-content\/uploads\/2025\/02\/20250122_180621-002-768&#215;1024.jpg&#8221; title_text=&#8221;20250122_180621 (002)&#8221; _builder_version=&#8221;4.27.4&#8243; _module_preset=&#8221;default&#8221; global_colors_info=&#8221;{}&#8221;][\/et_pb_image][\/et_pb_column][\/et_pb_row][\/et_pb_section]<\/p>\n","protected":false},"excerpt":{"rendered":"<p>Chi siamoBL Tende di Limbiate rappresenta una storia di innovazione, qualit\u00e0 e fiducia. Per pi\u00f9 di 30 anni abbiamo offerto soluzioni artigianali di alto livello con la produzione di salotti e la realizzazione di tendaggi per l\u2019interno, il tutto con l\u2019adeguato servizio che ci ha sempre contraddistinto, proponendo costantemente la massima qualit\u00e0. Il pi\u00f9 delle [&hellip;]<\/p>\n","protected":false},"author":2,"featured_media":0,"parent":0,"menu_order":0,"comment_status":"closed","ping_status":"closed","template":"","meta":{"_et_pb_use_builder":"on","_et_pb_old_content":"","_et_gb_content_width":"","footnotes":""},"class_list":["post-1746","page","type-page","status-publish","hentry"],"aioseo_notices":[],"_links":{"self":[{"href":"https:\/\/www.bltende.it\/index.php?rest_route=\/wp\/v2\/pages\/1746","targetHints":{"allow":["GET"]}}],"collection":[{"href":"https:\/\/www.bltende.it\/index.php?rest_route=\/wp\/v2\/pages"}],"about":[{"href":"https:\/\/www.bltende.it\/index.php?rest_route=\/wp\/v2\/types\/page"}],"author":[{"embeddable":true,"href":"https:\/\/www.bltende.it\/index.php?rest_route=\/wp\/v2\/users\/2"}],"replies":[{"embeddable":true,"href":"https:\/\/www.bltende.it\/index.php?rest_route=%2Fwp%2Fv2%2Fcomments&post=1746"}],"version-history":[{"count":7,"href":"https:\/\/www.bltende.it\/index.php?rest_route=\/wp\/v2\/pages\/1746\/revisions"}],"predecessor-version":[{"id":1983,"href":"https:\/\/www.bltende.it\/index.php?rest_route=\/wp\/v2\/pages\/1746\/revisions\/1983"}],"wp:attachment":[{"href":"https:\/\/www.bltende.it\/index.php?rest_route=%2Fwp%2Fv2%2Fmedia&parent=1746"}],"curies":[{"name":"wp","href":"https:\/\/api.w.org\/{rel}","templated":true}]}}