{"id":393,"date":"2025-02-01T11:37:10","date_gmt":"2025-02-01T10:37:10","guid":{"rendered":"http:\/\/www.bltende.it\/wordpress\/?page_id=393"},"modified":"2025-02-06T17:42:08","modified_gmt":"2025-02-06T16:42:08","slug":"formula-noleggio","status":"publish","type":"page","link":"https:\/\/www.bltende.it\/?page_id=393","title":{"rendered":"NOLEGGIO"},"content":{"rendered":"\n[et_pb_section fb_built=&#8221;1&#8243; admin_label=&#8221;section&#8221; _builder_version=&#8221;4.16&#8243; global_colors_info=&#8221;{}&#8221;][et_pb_row _builder_version=&#8221;4.20.0&#8243; _module_preset=&#8221;default&#8221; locked=&#8221;off&#8221; global_colors_info=&#8221;{}&#8221;][et_pb_column type=&#8221;4_4&#8243; _builder_version=&#8221;4.20.0&#8243; _module_preset=&#8221;default&#8221; global_colors_info=&#8221;{}&#8221;][et_pb_text module_id=&#8221;propdotti&#8221; _builder_version=&#8221;4.27.4&#8243; _module_preset=&#8221;ca8cceda-f230-40e7-b74c-af0e8a36ef62&#8243; text_orientation=&#8221;center&#8221; global_colors_info=&#8221;{}&#8221;]<h2>FORMULA NOLEGGIO OPERATIVO PERGOLE<\/h2>[\/et_pb_text][\/et_pb_column][\/et_pb_row][et_pb_row _builder_version=&#8221;4.27.4&#8243; _module_preset=&#8221;default&#8221; global_colors_info=&#8221;{}&#8221;][et_pb_column type=&#8221;4_4&#8243; _builder_version=&#8221;4.27.4&#8243; _module_preset=&#8221;default&#8221; global_colors_info=&#8221;{}&#8221;][et_pb_text _builder_version=&#8221;4.27.4&#8243; _module_preset=&#8221;default&#8221; global_colors_info=&#8221;{}&#8221;]<h2><\/h2>\n<p>&nbsp;<\/p>\n<p>\u00c8 un servizio dedicato ai possessori di Partita Iva e si basa sulla possibilit\u00e0 di aggiungere una struttura Gibus alla propria attivit\u00e0 a fronte del pagamento di un canone mensile. Il noleggio operativo pergole di Gibus \u00e8 una nuova possibilit\u00e0 di business, pensata soprattutto per i bisogni del mondo Ho.Re.Ca.<\/p>\n<p>Il mondo degli Hotel, Bar e Ristoranti \u00e8, infatti, in continua evoluzione. La necessit\u00e0 di ampliare l\u2019offerta per i propri clienti \u00e8 un obiettivo imprescindibile, al quale si \u00e8 aggiunta la volont\u00e0 di creare degli spazi innovativi, in cui far vivere alla clientela una vera e propria esperienza.<\/p>\n<p><strong>Aggiungere una pergola alla propria attivit\u00e0 commerciale significa creare per i propri clienti un ambiente in cui godere di comfort termico, visivo e acustico 365 giorni l\u2019anno; avere a disposizione uno spazio pi\u00f9 ampio dove accoglierli e creare nuovi luoghi di vita; aumentare la propria capacit\u00e0 ricettiva, di conseguenza il profitto.<\/strong><\/p>\n<p>Le pergole Gibus sono studiate per soddisfare qualsiasi esigenza, s\u2019inseriscono perfettamente nel paesaggio o nel contesto urbano e permettono di offrire ai propri clienti uno spazio all\u2019aperto protetto dai raggi solari UV, dalla pioggia e dal vento.<\/p>\n<p>Ai vantaggi offerti dalla sua Stanza del Sole, Gibus aggiunge quelli del Noleggio Operativo per Pergole. Il servizio, rivolto ai titolari di Partita IVA, consente di noleggiare la pergola a seguito del pagamento di un canone. Il noleggio non implica la propriet\u00e0 del bene: \u00e8 possibile usare la pergola senza doverla acquistare.<\/p>[\/et_pb_text][\/et_pb_column][\/et_pb_row][et_pb_row column_structure=&#8221;1_2,1_2&#8243; _builder_version=&#8221;4.27.4&#8243; _module_preset=&#8221;default&#8221; global_colors_info=&#8221;{}&#8221;][et_pb_column type=&#8221;1_2&#8243; _builder_version=&#8221;4.27.4&#8243; _module_preset=&#8221;default&#8221; global_colors_info=&#8221;{}&#8221;][et_pb_image src=&#8221;https:\/\/www.bltende.it\/wordpress\/wp-content\/uploads\/2018\/01\/pergolati_0.jpg&#8221; title_text=&#8221;pergolati_0&#8243; force_fullwidth=&#8221;on&#8221; _builder_version=&#8221;4.27.4&#8243; _module_preset=&#8221;default&#8221; global_colors_info=&#8221;{}&#8221;][\/et_pb_image][\/et_pb_column][et_pb_column type=&#8221;1_2&#8243; _builder_version=&#8221;4.27.4&#8243; _module_preset=&#8221;default&#8221; global_colors_info=&#8221;{}&#8221;][et_pb_image src=&#8221;https:\/\/www.bltende.it\/wordpress\/wp-content\/uploads\/2018\/01\/pergolati_2.jpg&#8221; title_text=&#8221;pergolati_2&#8243; force_fullwidth=&#8221;on&#8221; _builder_version=&#8221;4.27.4&#8243; _module_preset=&#8221;default&#8221; global_colors_info=&#8221;{}&#8221;][\/et_pb_image][\/et_pb_column][\/et_pb_row][et_pb_row _builder_version=&#8221;4.27.4&#8243; _module_preset=&#8221;default&#8221;][et_pb_column _builder_version=&#8221;4.27.4&#8243; _module_preset=&#8221;default&#8221; type=&#8221;4_4&#8243;][et_pb_text _builder_version=&#8221;4.27.4&#8243; _module_preset=&#8221;default&#8221; hover_enabled=&#8221;0&#8243; global_colors_info=&#8221;{}&#8221; sticky_enabled=&#8221;0&#8243;]<h2><\/h2>\n<p>&nbsp;<\/p>\n<h2>Perch\u00e8 segliere la locazione operativa?<\/h2>\n<p>&nbsp;<\/p>\n<h5><strong>Semplicit\u00e0<\/strong><\/h5>\n<p>Per sottoscrivere il contratto \u00e8 sufficiente essere titolari di una Partita IVA ed avere i requisiti di reddito minimo previsti.<\/p>\n<h5><strong>Velocit\u00e0<\/strong><\/h5>\n<p>La data di consegna della pergola coincide con la data di attivazione del contratto.<\/p>\n<h5><strong>Facilit\u00e0<\/strong><\/h5>\n<p>L\u2019accettazione della pratica \u00e8 semplice e immediata, perch\u00e9 non \u00e8 soggetta alle regole bancarie.<\/p>\n<h5><strong>Elasticit\u00e0<\/strong><\/h5>\n<p>Si pu\u00f2 scegliere sia il tipo di pergola sia la durata del contratto. L\u2019eventuale ampliamento del progetto comporta solo una semplice modifica del canone mensile.<\/p>\n<h5><strong>Convenienza<\/strong><\/h5>\n<p>Il canone mensile pu\u00f2 essere determinato anticipatamente. \u00c8 fisso e totalmente deducibile.<\/p>\n<p>&nbsp;<\/p>\n<p>Durata<\/p>\n<h5><strong>Da 24 a 60 mesi.<\/strong><\/h5>\n<p>Importi<\/p>\n<h5><strong>A partire da 500\u20ac (IVA esclusa)<\/strong><\/h5>\n<p>Costi<\/p>\n<h5><strong>NO spese di incasso NO adeguamento ISTAT dei canoni<\/strong><\/h5>\n<p>Fatturazione canoni<\/p>\n<h5><strong>Trimestrale anticipata<\/strong><\/h5>\n<p>Assicurazione<\/p>\n<h5><strong>All risks, minimo 96\u20ac 1,8% del valore imponibile del bene<\/strong><\/h5>\n<p>Gestione fine contratto<\/p>\n<h5><strong>Proroga, Reso o Riacquisto tramite BLTENDE<\/strong><\/h5>\n<p>&nbsp;<\/p>\n<p>&nbsp;<\/p>\n<p>&nbsp;<\/p>\n<h2>Caratteristiche del contratto di noleggio<\/h2>\n<p>&nbsp;<\/p>\n<h5><strong>Vantaggi fiscali<\/strong><\/h5>\n<p>La pergola non viene acquistata, di conseguenza non viene inserita tra i cespiti, non sono previste quote di ammortamento. I canoni sono totalmente deducibili ai fini di IRES e IRAP perch\u00e9 sono considerati al pari di servizi o utenze.<\/p>\n<h5><strong>Vantaggi finanziari<\/strong><\/h5>\n<p>Il contratto di noleggio operativo \u00e8 sottoscritto tra il titolare di Partita IVA e la societ\u00e0 specializzata nella gestione del noleggio operativo convenzionata con BLTENDE Atelier Gibus. L\u2019esborso di denaro \u00e8 minimo: si paga solo il canone mensile per l\u2019uso della pergola.<\/p>\n<h5><strong>Vantaggi economici<\/strong><\/h5>\n<p>Oltre a beneficiare di uno spazio commerciale pi\u00f9 grande, l\u2019impresa paga un canone che rimane fisso per tutta la durata del contratto di noleggio operativo.<\/p>\n<h5><strong>Vantaggi operativi<\/strong><\/h5>\n<p>L\u2019efficienza della pergola \u00e8 garantita, perch\u00e9 la manutenzione \u00e8 obbligatoria ed \u00e8 a carico della BLTENDE Atelier Gibus. Inoltre, con il noleggio operativo il bene \u00e8 sempre nuovo: il rischio di obsolescenza \u00e8 azzerato, cos\u00ec come gli eventuali costi di smaltimento.<\/p>\n<p>&nbsp;<\/p>\n<p>&nbsp;<\/p>[\/et_pb_text][\/et_pb_column][\/et_pb_row][et_pb_row _builder_version=&#8221;4.27.4&#8243; _module_preset=&#8221;default&#8221; column_structure=&#8221;1_2,1_2&#8243;][et_pb_column _builder_version=&#8221;4.27.4&#8243; _module_preset=&#8221;default&#8221; type=&#8221;1_2&#8243;][et_pb_image src=&#8221;https:\/\/www.bltende.it\/wordpress\/wp-content\/uploads\/2025\/02\/GIBUS_TWIST_105.jpg&#8221; _builder_version=&#8221;4.27.4&#8243; _module_preset=&#8221;default&#8221; title_text=&#8221;GIBUS_TWIST_105&#8243; hover_enabled=&#8221;0&#8243; sticky_enabled=&#8221;0&#8243; force_fullwidth=&#8221;on&#8221;][\/et_pb_image][\/et_pb_column][et_pb_column _builder_version=&#8221;4.27.4&#8243; _module_preset=&#8221;default&#8221; type=&#8221;1_2&#8243;][et_pb_image src=&#8221;https:\/\/www.bltende.it\/wordpress\/wp-content\/uploads\/2025\/02\/GIBUS_TWIST_104.jpg&#8221; _builder_version=&#8221;4.27.4&#8243; _module_preset=&#8221;default&#8221; title_text=&#8221;GIBUS_TWIST_104&#8243; hover_enabled=&#8221;0&#8243; sticky_enabled=&#8221;0&#8243; force_fullwidth=&#8221;on&#8221;][\/et_pb_image][\/et_pb_column][\/et_pb_row][\/et_pb_section]\n","protected":false},"excerpt":{"rendered":"<p>FORMULA NOLEGGIO OPERATIVO PERGOLE &nbsp; \u00c8 un servizio dedicato ai possessori di Partita Iva e si basa sulla possibilit\u00e0 di aggiungere una struttura Gibus alla propria attivit\u00e0 a fronte del pagamento di un canone mensile. Il noleggio operativo pergole di Gibus \u00e8 una nuova possibilit\u00e0 di business, pensata soprattutto per i bisogni del mondo Ho.Re.Ca. [&hellip;]<\/p>\n","protected":false},"author":2,"featured_media":673,"parent":753,"menu_order":0,"comment_status":"closed","ping_status":"closed","template":"","meta":{"_et_pb_use_builder":"on","_et_pb_old_content":"<p>[vc_row][vc_column][\/vc_column][\/vc_row][vc_row][vc_column][vc_single_image image=\"1177\" img_size=\"full\" alignment=\"center\"][vc_column_text]<\/p>\n<h4 style=\"text-align: center;\"><span style=\"color: #000080;\"><strong><span class=\"field-wrapper\" style=\"font-size: 20px;\">Noleggio operativo pergole<\/span><\/strong><\/span><\/h4>\n<p>&nbsp;<\/p>\n<div class=\"cell small-12 xlarge-6\">\n<p><span style=\"color: #808080; font-size: 20px;\">\u00c8 un servizio dedicato ai possessori di Partita Iva e si basa sulla possibilit\u00e0 di aggiungere una struttura Gibus alla propria attivit\u00e0 a fronte del pagamento di un canone mensile. Il noleggio operativo pergole di Gibus \u00e8 una nuova possibilit\u00e0 di business, pensata soprattutto per i bisogni del mondo Ho.Re.Ca.<\/span><\/p>\n<p><span style=\"color: #808080; font-size: 20px;\">Il mondo degli <strong>Hotel, Bar e Ristoranti<\/strong> \u00e8, infatti, in continua evoluzione. La necessit\u00e0 di ampliare l\u2019offerta per i propri clienti \u00e8 un obiettivo imprescindibile, al quale si \u00e8 aggiunta la volont\u00e0 di creare degli spazi innovativi, in cui far vivere alla clientela una vera e propria esperienza.<\/span><\/p>\n<p><span style=\"color: #808080; font-size: 20px;\"><strong>Aggiungere una pergola alla propria attivit\u00e0 commerciale significa creare per i propri clienti un ambiente in cui godere di comfort termico, visivo e acustico 365 giorni l\u2019anno;<\/strong> avere a disposizione uno spazio pi\u00f9 ampio dove accoglierli e creare nuovi luoghi di vita; aumentare la propria capacit\u00e0 ricettiva, di conseguenza il profitto.<\/span><\/p>\n<p><span style=\"color: #808080; font-size: 20px;\">Le pergole Gibus sono studiate per soddisfare qualsiasi esigenza, <strong>s\u2019inseriscono perfettamente nel paesaggio o nel contesto urbano<\/strong> e permettono di offrire ai propri clienti uno spazio all\u2019aperto protetto dai raggi solari UV, dalla pioggia e dal vento.<\/span><\/p>\n<p><span style=\"color: #808080; font-size: 20px;\">Ai vantaggi offerti dalla sua Stanza del Sole, Gibus aggiunge quelli del Noleggio Operativo per Pergole. Il servizio, rivolto ai titolari di Partita IVA, consente di noleggiare la pergola a seguito del pagamento di un canone. <strong>Il noleggio non implica la propriet\u00e0 del bene: \u00e8 possibile usare la pergola senza doverla acquistare.<\/strong><\/span><\/p>\n<p>&nbsp;<\/p>\n<\/div>\n<aside class=\"cell small-12 xlarge-offset-1 xlarge-5 gibus-ap-layout__aside\">\n<div>\n<div>\n<div class=\"gibus-card gibus-card--form\">\n<div class=\"gibus-card__content gibus-form\"><\/div>\n<\/div>\n<\/div>\n<\/div>\n<\/aside>\n<p>[\/vc_column_text][vc_single_image image=\"763\" img_size=\"medium\" alignment=\"center\"][\/vc_column][\/vc_row]<\/p>\n","_et_gb_content_width":"","footnotes":""},"class_list":["post-393","page","type-page","status-publish","has-post-thumbnail","hentry"],"aioseo_notices":[],"_links":{"self":[{"href":"https:\/\/www.bltende.it\/index.php?rest_route=\/wp\/v2\/pages\/393","targetHints":{"allow":["GET"]}}],"collection":[{"href":"https:\/\/www.bltende.it\/index.php?rest_route=\/wp\/v2\/pages"}],"about":[{"href":"https:\/\/www.bltende.it\/index.php?rest_route=\/wp\/v2\/types\/page"}],"author":[{"embeddable":true,"href":"https:\/\/www.bltende.it\/index.php?rest_route=\/wp\/v2\/users\/2"}],"replies":[{"embeddable":true,"href":"https:\/\/www.bltende.it\/index.php?rest_route=%2Fwp%2Fv2%2Fcomments&post=393"}],"version-history":[{"count":12,"href":"https:\/\/www.bltende.it\/index.php?rest_route=\/wp\/v2\/pages\/393\/revisions"}],"predecessor-version":[{"id":1922,"href":"https:\/\/www.bltende.it\/index.php?rest_route=\/wp\/v2\/pages\/393\/revisions\/1922"}],"up":[{"embeddable":true,"href":"https:\/\/www.bltende.it\/index.php?rest_route=\/wp\/v2\/pages\/753"}],"wp:featuredmedia":[{"embeddable":true,"href":"https:\/\/www.bltende.it\/index.php?rest_route=\/wp\/v2\/media\/673"}],"wp:attachment":[{"href":"https:\/\/www.bltende.it\/index.php?rest_route=%2Fwp%2Fv2%2Fmedia&parent=393"}],"curies":[{"name":"wp","href":"https:\/\/api.w.org\/{rel}","templated":true}]}}