{"id":414,"date":"2025-02-02T18:14:40","date_gmt":"2025-02-02T17:14:40","guid":{"rendered":"http:\/\/www.bltende.it\/wordpress\/?page_id=414"},"modified":"2025-02-06T17:40:36","modified_gmt":"2025-02-06T16:40:36","slug":"attivita-edilizia-libera","status":"publish","type":"page","link":"https:\/\/www.bltende.it\/?page_id=414","title":{"rendered":"ATTIVIT\u00c0 EDILIZIA LIBERA"},"content":{"rendered":"\n[et_pb_section fb_built=&#8221;1&#8243; admin_label=&#8221;section&#8221; _builder_version=&#8221;4.16&#8243; global_colors_info=&#8221;{}&#8221;][et_pb_row _builder_version=&#8221;4.20.0&#8243; _module_preset=&#8221;default&#8221; global_colors_info=&#8221;{}&#8221; locked=&#8221;off&#8221;][et_pb_column type=&#8221;4_4&#8243; _builder_version=&#8221;4.20.0&#8243; _module_preset=&#8221;default&#8221; global_colors_info=&#8221;{}&#8221;][et_pb_text module_id=&#8221;propdotti&#8221; _builder_version=&#8221;4.27.4&#8243; _module_preset=&#8221;ca8cceda-f230-40e7-b74c-af0e8a36ef62&#8243; text_orientation=&#8221;center&#8221; hover_enabled=&#8221;0&#8243; global_colors_info=&#8221;{}&#8221; sticky_enabled=&#8221;0&#8243;]<h2>Attivit\u00e0 edilizia libera<\/h2>[\/et_pb_text][\/et_pb_column][\/et_pb_row][et_pb_row _builder_version=&#8221;4.27.4&#8243; _module_preset=&#8221;default&#8221; global_colors_info=&#8221;{}&#8221;][et_pb_column type=&#8221;4_4&#8243; _builder_version=&#8221;4.27.4&#8243; _module_preset=&#8221;default&#8221; global_colors_info=&#8221;{}&#8221;][et_pb_text _builder_version=&#8221;4.27.4&#8243; _module_preset=&#8221;default&#8221; global_colors_info=&#8221;{}&#8221;]<h2><\/h2>\n<h2><strong>I permessi per aggiungere una pergola alla propria abitazione<\/strong><\/h2>\n<p>&nbsp;<\/p>\n<p>Una delle domande pi\u00f9 frequenti che ci vengono fatte \u00e8:<br \/>i permessi comunali sono necessari per installare una pergola o una tenda da sole nella nostra abitazione?<\/p>\n<p>\u00c8 finalmente possibile fornire una risposta certa, supportata dal Decreto Infrastrutture-Semplificazione al punto 50 dell\u2019Allegato 1: l\u2019installazione, riparazione, sostituzione, rinnovamento di tende, pergole, coperture leggere di arredo \u00e8 ufficialmente Attivit\u00e0 Edilizia Libera.<br \/>Questo significa che \u00e8 possibile installare una pergola nella propria abitazione senza comunicazioni al comune (Cil, Cila, Scia) o permessi a costruire, fatto salvo il diritto di terzi.<br \/>Il decreto \u00e8 entrato in vigore dal giorno 22 aprile 2018, dopo la pubblicazione sulla Gazzetta Ufficiale n\u00b0 81 del 7 aprile 2018.<\/p>\n<p>&nbsp;<\/p>\n<h5>E&#8217; obbligo del committente effettuare sempre le opportune verifiche presso la Pubblica Amministrazione (uffici comunali, ecc&#8230;) anche in base alla tipologia di prodotto e di installazione, cos\u00ec com&#8217;\u00e8 d&#8217;obbligo la verifica di eventuali diritti di terzi (confinanti, condomini, ecc&#8230;).<\/h5>\n<p>&nbsp;<\/p>\n<p>Si raccomanda di controllare e rispettare sempre le eventuali indicazioni date dal proprio comune per questo genere di installazioni (per esempio: colori, forme, ecc.).<br \/>Nel caso abbiate intenzione di installare una pergola o una tenda nella vostra casa che rientri in Attivit\u00e0 di Edilizia Libera, vi suggeriamo di portare presso i vostri comuni il decreto e il glossario (li trovate qui), cos\u00ec da sbloccare le pratiche e mettere a conoscenza le amministrazioni di questa nuova, importante, novit\u00e0.<\/p>[\/et_pb_text][\/et_pb_column][\/et_pb_row][et_pb_row _builder_version=&#8221;4.27.4&#8243; _module_preset=&#8221;default&#8221; global_colors_info=&#8221;{}&#8221;][et_pb_column type=&#8221;4_4&#8243; _builder_version=&#8221;4.27.4&#8243; _module_preset=&#8221;default&#8221; global_colors_info=&#8221;{}&#8221;][et_pb_image src=&#8221;https:\/\/www.bltende.it\/wordpress\/wp-content\/uploads\/2021\/01\/GIBUS_MED_JOY_8.jpg&#8221; title_text=&#8221;med joy&#8221; force_fullwidth=&#8221;on&#8221; _builder_version=&#8221;4.27.4&#8243; _module_preset=&#8221;default&#8221; hover_enabled=&#8221;0&#8243; global_colors_info=&#8221;{}&#8221; sticky_enabled=&#8221;0&#8243;][\/et_pb_image][\/et_pb_column][\/et_pb_row][\/et_pb_section]\n","protected":false},"excerpt":{"rendered":"<p>Attivit\u00e0 edilizia libera I permessi per aggiungere una pergola alla propria abitazione &nbsp; Una delle domande pi\u00f9 frequenti che ci vengono fatte \u00e8:i permessi comunali sono necessari per installare una pergola o una tenda da sole nella nostra abitazione? \u00c8 finalmente possibile fornire una risposta certa, supportata dal Decreto Infrastrutture-Semplificazione al punto 50 dell\u2019Allegato 1: [&hellip;]<\/p>\n","protected":false},"author":2,"featured_media":1174,"parent":753,"menu_order":0,"comment_status":"closed","ping_status":"closed","template":"","meta":{"_et_pb_use_builder":"on","_et_pb_old_content":"[vc_row][vc_column][\/vc_column][\/vc_row][vc_row][vc_column][vc_empty_space height=\"100px\"][vc_single_image image=\"1174\" img_size=\"large\" alignment=\"center\"][vc_column_text]\r\n<h3><\/h3>\r\n<h3><\/h3>\r\n<h4 style=\"text-align: center;\"><span style=\"color: #000080;\"><strong><span style=\"font-size: 28px; font-family: tahoma, arial, helvetica, sans-serif;\">ATTIVIT\u00c0 EDILIZIA LIBERA<\/span><\/strong><\/span><\/h4>\r\n<p style=\"text-align: left;\"><span style=\"color: #808080; font-size: 20px;\">\u00a0<\/span><\/p>\r\n\r\n<h6 style=\"text-align: center;\"><strong><span style=\"color: #808080; font-size: 20px; font-family: tahoma, arial, helvetica, sans-serif;\">I permessi per aggiungere una pergola alla propria abitazione<\/span><\/strong><\/h6>\r\n<p style=\"text-align: left;\"><span style=\"color: #808080; font-family: tahoma, arial, helvetica, sans-serif; font-size: 20px;\">Una delle domande pi\u00f9 frequenti che ci vengono fatte \u00e8:<\/span>\r\n<span style=\"color: #808080; font-family: tahoma, arial, helvetica, sans-serif; font-size: 20px;\"> i permessi comunali sono necessari per installare una pergola o una tenda da sole nella nostra abitazione?<\/span><\/p>\r\n<p style=\"text-align: left;\"><span style=\"color: #808080; font-family: tahoma, arial, helvetica, sans-serif; font-size: 20px;\">\u00c8 finalmente possibile fornire una risposta certa, supportata dal Decreto Infrastrutture-Semplificazione al punto 50 dell\u2019Allegato 1: <strong>l\u2019installazione, riparazione, sostituzione, rinnovamento di tende, pergole, coperture leggere di arredo \u00e8 ufficialmente Attivit\u00e0 Edilizia Libera.<\/strong><\/span>\r\n<span style=\"color: #808080; font-family: tahoma, arial, helvetica, sans-serif; font-size: 20px;\"> Questo significa che \u00e8 possibile installare una pergola nella propria abitazione senza comunicazioni al comune (Cil, Cila, Scia) o permessi a costruire, fatto salvo il diritto di terzi.<\/span>\r\n<span style=\"color: #808080; font-family: tahoma, arial, helvetica, sans-serif; font-size: 20px;\"> Il decreto \u00e8 entrato in vigore dal giorno 22 aprile 2018, dopo la pubblicazione sulla Gazzetta Ufficiale n\u00b0 81 del 7 aprile 2018.<\/span><\/p>\r\n&nbsp;\r\n<p style=\"text-align: left;\"><span style=\"color: #808080; font-family: tahoma, arial, helvetica, sans-serif; font-size: 20px;\"><strong>E' obbligo del committente effettuare sempre le opportune verifiche presso la Pubblica Amministrazione (uffici comunali, ecc...) anche in base alla tipologia di prodotto e di installazione, cos\u00ec com'\u00e8 d'obbligo la verifica di eventuali diritti di terzi (confinanti, condomini, ecc...).<\/strong><\/span><\/p>\r\n<p style=\"text-align: left;\"><span style=\"color: #808080; font-family: tahoma, arial, helvetica, sans-serif; font-size: 20px;\">Si raccomanda di controllare e rispettare sempre le eventuali indicazioni date dal proprio comune per questo genere di installazioni (per esempio: colori, forme, ecc.).<\/span>\r\n<span style=\"color: #808080; font-family: tahoma, arial, helvetica, sans-serif; font-size: 20px;\"> Nel caso abbiate intenzione di installare una pergola o una tenda nella vostra casa che rientri in Attivit\u00e0 di Edilizia Libera, vi suggeriamo di portare presso i vostri comuni il decreto e il glossario (li trovate <a style=\"color: #808080;\" href=\"http:\/\/www.gazzettaufficiale.it\/atto\/serie_generale\/caricaDettaglioAtto\/originario?atto.dataPubblicazioneGazzetta=2018-04-07&amp;atto.codiceRedazionale=18A02406&amp;elenco30giorni=false\">qui<\/a>), cos\u00ec da sbloccare le pratiche e mettere a conoscenza le amministrazioni di questa nuova, importante, novit\u00e0.<\/span>[\/vc_column_text][\/vc_column][\/vc_row]<\/p>","_et_gb_content_width":"","footnotes":""},"class_list":["post-414","page","type-page","status-publish","has-post-thumbnail","hentry"],"aioseo_notices":[],"_links":{"self":[{"href":"https:\/\/www.bltende.it\/index.php?rest_route=\/wp\/v2\/pages\/414","targetHints":{"allow":["GET"]}}],"collection":[{"href":"https:\/\/www.bltende.it\/index.php?rest_route=\/wp\/v2\/pages"}],"about":[{"href":"https:\/\/www.bltende.it\/index.php?rest_route=\/wp\/v2\/types\/page"}],"author":[{"embeddable":true,"href":"https:\/\/www.bltende.it\/index.php?rest_route=\/wp\/v2\/users\/2"}],"replies":[{"embeddable":true,"href":"https:\/\/www.bltende.it\/index.php?rest_route=%2Fwp%2Fv2%2Fcomments&post=414"}],"version-history":[{"count":17,"href":"https:\/\/www.bltende.it\/index.php?rest_route=\/wp\/v2\/pages\/414\/revisions"}],"predecessor-version":[{"id":1920,"href":"https:\/\/www.bltende.it\/index.php?rest_route=\/wp\/v2\/pages\/414\/revisions\/1920"}],"up":[{"embeddable":true,"href":"https:\/\/www.bltende.it\/index.php?rest_route=\/wp\/v2\/pages\/753"}],"wp:featuredmedia":[{"embeddable":true,"href":"https:\/\/www.bltende.it\/index.php?rest_route=\/wp\/v2\/media\/1174"}],"wp:attachment":[{"href":"https:\/\/www.bltende.it\/index.php?rest_route=%2Fwp%2Fv2%2Fmedia&parent=414"}],"curies":[{"name":"wp","href":"https:\/\/api.w.org\/{rel}","templated":true}]}}