{"id":418,"date":"2025-01-31T18:21:00","date_gmt":"2025-01-31T17:21:00","guid":{"rendered":"http:\/\/www.bltende.it\/wordpress\/?page_id=418"},"modified":"2025-02-06T17:42:45","modified_gmt":"2025-02-06T16:42:45","slug":"sogni-a-tasso-0","status":"publish","type":"page","link":"https:\/\/www.bltende.it\/?page_id=418","title":{"rendered":"SOGNI A TASSO &#8220;0&#8221;"},"content":{"rendered":"<p>[et_pb_section fb_built=&#8221;1&#8243; admin_label=&#8221;section&#8221; _builder_version=&#8221;4.16&#8243; global_colors_info=&#8221;{}&#8221;][et_pb_row _builder_version=&#8221;4.20.0&#8243; _module_preset=&#8221;default&#8221; global_colors_info=&#8221;{}&#8221; locked=&#8221;off&#8221;][et_pb_column type=&#8221;4_4&#8243; _builder_version=&#8221;4.20.0&#8243; _module_preset=&#8221;default&#8221; global_colors_info=&#8221;{}&#8221;][et_pb_text module_id=&#8221;propdotti&#8221; _builder_version=&#8221;4.27.4&#8243; _module_preset=&#8221;ca8cceda-f230-40e7-b74c-af0e8a36ef62&#8243; text_orientation=&#8221;center&#8221; hover_enabled=&#8221;0&#8243; global_colors_info=&#8221;{}&#8221; sticky_enabled=&#8221;0&#8243;]<\/p>\n<h2>SOGNI A TASSO ZERO<\/h2>\n<p>[\/et_pb_text][\/et_pb_column][\/et_pb_row][et_pb_row _builder_version=&#8221;4.27.4&#8243; _module_preset=&#8221;default&#8221; global_colors_info=&#8221;{}&#8221;][et_pb_column type=&#8221;4_4&#8243; _builder_version=&#8221;4.27.4&#8243; _module_preset=&#8221;default&#8221; global_colors_info=&#8221;{}&#8221;][et_pb_text _builder_version=&#8221;4.27.4&#8243; _module_preset=&#8221;default&#8221; hover_enabled=&#8221;0&#8243; global_colors_info=&#8221;{}&#8221; sticky_enabled=&#8221;0&#8243;]<\/p>\n<h2><strong>Credito al consumo per un pagamento \u201cno problem\u201d<\/strong><\/h2>\n<p>&nbsp;<\/p>\n<p>BL TENDE da molti anni \u00e8 impegnata nel fornire ai propri clienti gli strumenti pi\u00f9 convenienti per erogare un servizio di fondamentale importanza: il credito al consumo.<\/p>\n<p>Grazie alla professionalit\u00e0 di COMPASS e di DEUTSCHE BANK, il cliente che si appresta ad acquistare una tenda da sole, una pergola, o un qualsiasi altro prodotto, sa di poter fare l\u2019acquisto in tutta tranquillit\u00e0 potendo usufruire di <strong>un servizio di rateizzazione della spesa a TASSO ZERO<\/strong> per un periodo limitato.<\/p>\n<p>Per dare massima trasparenza all\u2019iniziativa abbiamo fatto in modo che questo servizio venga dichiarato anche all\u2019interno dei social e del sito.<\/p>\n<p>&nbsp;<\/p>\n<h4>L\u2019obiettivo \u00e8, come sempre, fornire il servizio migliore al cliente finale.<\/h4>\n<p>[\/et_pb_text][\/et_pb_column][\/et_pb_row][et_pb_row _builder_version=&#8221;4.27.4&#8243; _module_preset=&#8221;default&#8221; global_colors_info=&#8221;{}&#8221; column_structure=&#8221;1_2,1_2&#8243;][et_pb_column type=&#8221;1_2&#8243; _builder_version=&#8221;4.27.4&#8243; _module_preset=&#8221;default&#8221; global_colors_info=&#8221;{}&#8221;][et_pb_image src=&#8221;https:\/\/www.bltende.it\/wordpress\/wp-content\/uploads\/2024\/12\/Indoor_Regolo-1024&#215;683.jpeg&#8221; title_text=&#8221;Indoor_Regolo&#8221; force_fullwidth=&#8221;on&#8221; _builder_version=&#8221;4.27.4&#8243; _module_preset=&#8221;default&#8221; global_colors_info=&#8221;{}&#8221;][\/et_pb_image][\/et_pb_column][et_pb_column type=&#8221;1_2&#8243; _builder_version=&#8221;4.27.4&#8243; _module_preset=&#8221;default&#8221; global_colors_info=&#8221;{}&#8221;][et_pb_image src=&#8221;https:\/\/www.bltende.it\/wordpress\/wp-content\/uploads\/2025\/02\/GIBUS_MED_100_3.jpg&#8221; _builder_version=&#8221;4.27.4&#8243; _module_preset=&#8221;default&#8221; title_text=&#8221;GIBUS_MED_100_3&#8243; hover_enabled=&#8221;0&#8243; sticky_enabled=&#8221;0&#8243;][\/et_pb_image][\/et_pb_column][\/et_pb_row][\/et_pb_section]<\/p>\n","protected":false},"excerpt":{"rendered":"<p>SOGNI A TASSO ZEROCredito al consumo per un pagamento \u201cno problem\u201d &nbsp; BL TENDE da molti anni \u00e8 impegnata nel fornire ai propri clienti gli strumenti pi\u00f9 convenienti per erogare un servizio di fondamentale importanza: il credito al consumo. Grazie alla professionalit\u00e0 di COMPASS e di DEUTSCHE BANK, il cliente che si appresta ad acquistare [&hellip;]<\/p>\n","protected":false},"author":2,"featured_media":192,"parent":753,"menu_order":0,"comment_status":"closed","ping_status":"closed","template":"","meta":{"_et_pb_use_builder":"on","_et_pb_old_content":"<p>[vc_row][vc_column][vc_empty_space height=\"70px\"][\/vc_column][\/vc_row][vc_row][vc_column][\/vc_column][\/vc_row][vc_row][vc_column][vc_empty_space height=\"70px\"][\/vc_column][\/vc_row][vc_row][vc_column width=\"1\/2\"][vc_single_image image=\"959\" img_size=\"large\"][\/vc_column][vc_column width=\"1\/2\"][vc_column_text]<\/p>\n<h4 style=\"text-align: center;\"><span style=\"color: #000080;\"><strong><span style=\"font-family: verdana, geneva, sans-serif; font-size: 20px;\">Credito al consumo per un pagamento \"no problem\"<\/span><\/strong><\/span><\/h4>\n<p><span style=\"color: #808080; font-family: verdana, geneva, sans-serif; font-size: 20px;\">BL TENDE da molti anni \u00e8 impegnata nel fornire ai propri clienti gli strumenti pi\u00f9 convenienti per erogare\u00a0 un servizio di fondamentale importanza: <strong>il credito al consumo.<\/strong><\/span><\/p>\n<p><span style=\"color: #808080; font-family: verdana, geneva, sans-serif; font-size: 20px;\">Grazie alla professionalit\u00e0 di COMPASS, il cliente che si appresta ad acquistare una tenda da sole,\u00a0 una pergola, o un qualsiasi altro prodotto, sa di poter fare l\u2019acquisto in tutta tranquillit\u00e0 potendo usufruire di un servizio di rateizzazione della spesa a condizioni estremamente vantaggiose tenendo conto delle individuali esigenze.<\/span><\/p>\n<p><strong><span style=\"color: #808080; font-family: verdana, geneva, sans-serif; font-size: 20px;\">Per dare massima trasparenza all\u2019iniziativa abbiamo fatto in modo che questo servizio venga dichiarato anche all'interno dei social e del sito.<\/span><\/strong><\/p>\n<p><span style=\"color: #808080; font-family: verdana, geneva, sans-serif; font-size: 20px;\"> L\u2019obiettivo \u00e8, come sempre, fornire il servizio migliore al cliente finale.<\/span>[\/vc_column_text][\/vc_column][\/vc_row]<\/p>\n","_et_gb_content_width":"","footnotes":""},"class_list":["post-418","page","type-page","status-publish","has-post-thumbnail","hentry"],"aioseo_notices":[],"_links":{"self":[{"href":"https:\/\/www.bltende.it\/index.php?rest_route=\/wp\/v2\/pages\/418","targetHints":{"allow":["GET"]}}],"collection":[{"href":"https:\/\/www.bltende.it\/index.php?rest_route=\/wp\/v2\/pages"}],"about":[{"href":"https:\/\/www.bltende.it\/index.php?rest_route=\/wp\/v2\/types\/page"}],"author":[{"embeddable":true,"href":"https:\/\/www.bltende.it\/index.php?rest_route=\/wp\/v2\/users\/2"}],"replies":[{"embeddable":true,"href":"https:\/\/www.bltende.it\/index.php?rest_route=%2Fwp%2Fv2%2Fcomments&post=418"}],"version-history":[{"count":10,"href":"https:\/\/www.bltende.it\/index.php?rest_route=\/wp\/v2\/pages\/418\/revisions"}],"predecessor-version":[{"id":1914,"href":"https:\/\/www.bltende.it\/index.php?rest_route=\/wp\/v2\/pages\/418\/revisions\/1914"}],"up":[{"embeddable":true,"href":"https:\/\/www.bltende.it\/index.php?rest_route=\/wp\/v2\/pages\/753"}],"wp:featuredmedia":[{"embeddable":true,"href":"https:\/\/www.bltende.it\/index.php?rest_route=\/wp\/v2\/media\/192"}],"wp:attachment":[{"href":"https:\/\/www.bltende.it\/index.php?rest_route=%2Fwp%2Fv2%2Fmedia&parent=418"}],"curies":[{"name":"wp","href":"https:\/\/api.w.org\/{rel}","templated":true}]}}