{"id":753,"date":"2021-01-13T17:07:28","date_gmt":"2021-01-13T16:07:28","guid":{"rendered":"https:\/\/www.bltende.it\/?page_id=753"},"modified":"2025-07-18T17:18:26","modified_gmt":"2025-07-18T15:18:26","slug":"detrazioni","status":"publish","type":"page","link":"https:\/\/www.bltende.it\/?page_id=753","title":{"rendered":"DETRAZIONI"},"content":{"rendered":"<p>[et_pb_section fb_built=&#8221;1&#8243; admin_label=&#8221;Projects&#8221; _builder_version=&#8221;4.20.0&#8243; _module_preset=&#8221;default&#8221; locked=&#8221;off&#8221; collapsed=&#8221;on&#8221; global_colors_info=&#8221;{}&#8221;][et_pb_row _builder_version=&#8221;4.20.0&#8243; _module_preset=&#8221;default&#8221; global_colors_info=&#8221;{}&#8221;][et_pb_column type=&#8221;4_4&#8243; _builder_version=&#8221;4.20.0&#8243; _module_preset=&#8221;default&#8221; global_colors_info=&#8221;{}&#8221;][et_pb_text module_id=&#8221;propdotti&#8221; _builder_version=&#8221;4.27.4&#8243; _module_preset=&#8221;ca8cceda-f230-40e7-b74c-af0e8a36ef62&#8243; text_orientation=&#8221;center&#8221; global_colors_info=&#8221;{}&#8221;]<\/p>\n<h2>DETRAZIONI<\/h2>\n<p>[\/et_pb_text][\/et_pb_column][\/et_pb_row][et_pb_row column_structure=&#8221;1_2,1_2&#8243; _builder_version=&#8221;4.20.0&#8243; _module_preset=&#8221;default&#8221; global_colors_info=&#8221;{}&#8221;][et_pb_column type=&#8221;1_2&#8243; _builder_version=&#8221;4.20.0&#8243; _module_preset=&#8221;default&#8221; custom_padding_tablet=&#8221;||30px||false|false&#8221; custom_padding_phone=&#8221;||30px||false|false&#8221; custom_padding_last_edited=&#8221;on|tablet&#8221; global_colors_info=&#8221;{}&#8221;][et_pb_image src=&#8221;https:\/\/www.bltende.it\/wordpress\/wp-content\/uploads\/2021\/01\/FOTO_GIBUS_TOLO_6_0.jpg&#8221; title_text=&#8221;Outdoor swimming pool along modern home&#8221; url=&#8221;https:\/\/www.bltende.it\/?page_id=9&#8243; use_overlay=&#8221;on&#8221; overlay_icon_color=&#8221;#000000&#8243; hover_overlay_color=&#8221;RGBA(255,255,255,0)&#8221; hover_icon=&#8221;&#xf00e;||fa||900&#8243; _builder_version=&#8221;4.27.4&#8243; _module_preset=&#8221;default&#8221; background_color=&#8221;rgba(0,0,0,0.04)&#8221; custom_margin=&#8221;||||false|false&#8221; box_shadow_style=&#8221;preset4&#8243; box_shadow_horizontal=&#8221;0px&#8221; box_shadow_vertical=&#8221;0px&#8221; box_shadow_color=&#8221;rgba(0,0,0,0.05)&#8221; global_colors_info=&#8221;{}&#8221; custom_padding__hover_enabled=&#8221;off|hover&#8221; custom_padding__hover=&#8221;50px|50px|50px|50px|true|true&#8221; box_shadow_vertical__hover_enabled=&#8221;off|hover&#8221; box_shadow_blur__hover_enabled=&#8221;off|hover&#8221; box_shadow_blur__hover=&#8221;0px&#8221; box_shadow_color__hover_enabled=&#8221;off|hover&#8221; box_shadow_color__hover=&#8221;rgba(0,0,0,0.3)&#8221; custom_margin__hover_enabled=&#8221;off|hover&#8221; custom_margin__hover=&#8221;||62px||false|false&#8221; transform_styles__hover_enabled=&#8221;on|hover&#8221; transform_scale__hover_enabled=&#8221;on|hover&#8221; transform_translate__hover_enabled=&#8221;on|desktop&#8221; transform_rotate__hover_enabled=&#8221;on|desktop&#8221; transform_skew__hover_enabled=&#8221;on|desktop&#8221; transform_origin__hover_enabled=&#8221;on|desktop&#8221; transform_scale__hover=&#8221;90%|90%&#8221; box_shadow_spread__hover_enabled=&#8221;on|hover&#8221; box_shadow_spread__hover=&#8221;30px&#8221;][\/et_pb_image][et_pb_text _builder_version=&#8221;4.27.4&#8243; _module_preset=&#8221;768cc6b2-8953-4281-a03c-3627a5152834&#8243; custom_margin=&#8221;||10px||false|false&#8221; link_option_url=&#8221;https:\/\/www.bltende.it\/?page_id=9&#8243; global_colors_info=&#8221;{}&#8221;]<\/p>\n<h4>ECOBONUS<\/h4>\n<p>[\/et_pb_text][et_pb_text _builder_version=&#8221;4.27.4&#8243; _module_preset=&#8221;293c148a-616c-4b38-96b2-813f704719f0&#8243; link_option_url=&#8221;https:\/\/www.bltende.it\/?page_id=9&#8243; global_colors_info=&#8221;{}&#8221;]<\/p>\n<p>Con il Decreto Legge n.11 del 16 febbraio 2023 l\u2019opzione Sconto in Fattura per Ecobonus 50% non \u00e8 pi\u00f9 disponibile. L\u2019Ecobonus, modificato <span>dalla Manovra, prevede una detrazione del 50%<\/span>&#8230;<\/p>\n<p>[\/et_pb_text][\/et_pb_column][et_pb_column type=&#8221;1_2&#8243; _builder_version=&#8221;4.20.0&#8243; _module_preset=&#8221;default&#8221; global_colors_info=&#8221;{}&#8221;][et_pb_image src=&#8221;https:\/\/www.bltende.it\/wordpress\/wp-content\/uploads\/2021\/01\/GIBUS_MED_QUADRA_16.jpg&#8221; title_text=&#8221;GIBUS_MED_QUADRA_16&#8243; url=&#8221;https:\/\/www.bltende.it\/?page_id=414&#8243; use_overlay=&#8221;on&#8221; overlay_icon_color=&#8221;#000000&#8243; hover_overlay_color=&#8221;RGBA(255,255,255,0)&#8221; hover_icon=&#8221;&#xf00e;||fa||900&#8243; _builder_version=&#8221;4.27.4&#8243; _module_preset=&#8221;default&#8221; background_color=&#8221;rgba(0,0,0,0.04)&#8221; box_shadow_style=&#8221;preset4&#8243; box_shadow_horizontal=&#8221;0px&#8221; box_shadow_vertical=&#8221;0px&#8221; box_shadow_color=&#8221;rgba(0,0,0,0.05)&#8221; global_colors_info=&#8221;{}&#8221; transform_styles__hover_enabled=&#8221;on|hover&#8221; transform_scale__hover=&#8221;90%|90%&#8221; transform_scale__hover_enabled=&#8221;on|hover&#8221; transform_translate__hover_enabled=&#8221;on|desktop&#8221; transform_rotate__hover_enabled=&#8221;on|desktop&#8221; transform_skew__hover_enabled=&#8221;on|desktop&#8221; transform_origin__hover_enabled=&#8221;on|desktop&#8221; box_shadow_spread__hover=&#8221;30px&#8221; box_shadow_spread__hover_enabled=&#8221;on|desktop&#8221;][\/et_pb_image][et_pb_text _builder_version=&#8221;4.27.4&#8243; _module_preset=&#8221;768cc6b2-8953-4281-a03c-3627a5152834&#8243; custom_margin=&#8221;||10px||false|false&#8221; link_option_url=&#8221;https:\/\/www.bltende.it\/?page_id=414&#8243; global_colors_info=&#8221;{}&#8221;]<\/p>\n<h4>Attivit\u00e0 edilizia libera<\/h4>\n<p>[\/et_pb_text][et_pb_text _builder_version=&#8221;4.27.4&#8243; _module_preset=&#8221;293c148a-616c-4b38-96b2-813f704719f0&#8243; link_option_url=&#8221;https:\/\/www.bltende.it\/?page_id=414&#8243; global_colors_info=&#8221;{}&#8221;]<\/p>\n<p><span>I permessi per aggiungere una pergola alla propria abitazione. Una delle domande pi\u00f9 frequenti che ci vengono fatte \u00e8: i permessi comunali sono necessari per installare una pergola o una tenda&#8230;<\/span><\/p>\n<p>[\/et_pb_text][\/et_pb_column][\/et_pb_row][et_pb_row column_structure=&#8221;1_2,1_2&#8243; _builder_version=&#8221;4.20.0&#8243; _module_preset=&#8221;default&#8221; global_colors_info=&#8221;{}&#8221;][et_pb_column type=&#8221;1_2&#8243; _builder_version=&#8221;4.20.0&#8243; _module_preset=&#8221;default&#8221; custom_padding_tablet=&#8221;||30px||false|false&#8221; custom_padding_phone=&#8221;||30px||false|false&#8221; custom_padding_last_edited=&#8221;on|tablet&#8221; global_colors_info=&#8221;{}&#8221;][et_pb_image src=&#8221;https:\/\/www.bltende.it\/wordpress\/wp-content\/uploads\/2021\/01\/GIBUS_MED_TWIST_85.jpg&#8221; title_text=&#8221;GIBUS_MED_TWIST_85&#8243; url=&#8221;https:\/\/www.bltende.it\/?page_id=393&#8243; use_overlay=&#8221;on&#8221; overlay_icon_color=&#8221;#000000&#8243; hover_overlay_color=&#8221;RGBA(255,255,255,0)&#8221; hover_icon=&#8221;&#xf00e;||fa||900&#8243; _builder_version=&#8221;4.27.4&#8243; _module_preset=&#8221;default&#8221; background_color=&#8221;rgba(0,0,0,0.04)&#8221; box_shadow_style=&#8221;preset4&#8243; box_shadow_horizontal=&#8221;0px&#8221; box_shadow_vertical=&#8221;0px&#8221; box_shadow_color=&#8221;rgba(0,0,0,0.05)&#8221; global_colors_info=&#8221;{}&#8221; transform_styles__hover_enabled=&#8221;on|hover&#8221; transform_scale__hover=&#8221;90%|90%&#8221; transform_scale__hover_enabled=&#8221;on|hover&#8221; transform_translate__hover_enabled=&#8221;on|desktop&#8221; transform_rotate__hover_enabled=&#8221;on|desktop&#8221; transform_skew__hover_enabled=&#8221;on|desktop&#8221; transform_origin__hover_enabled=&#8221;on|desktop&#8221; box_shadow_spread__hover=&#8221;30px&#8221; box_shadow_spread__hover_enabled=&#8221;on|hover&#8221;][\/et_pb_image][et_pb_text _builder_version=&#8221;4.27.4&#8243; _module_preset=&#8221;768cc6b2-8953-4281-a03c-3627a5152834&#8243; custom_margin=&#8221;||10px||false|false&#8221; link_option_url=&#8221;https:\/\/www.bltende.it\/?page_id=393&#8243; global_colors_info=&#8221;{}&#8221;]<\/p>\n<h4>FORMULA NOLEGGIO<\/h4>\n<p>[\/et_pb_text][et_pb_text _builder_version=&#8221;4.27.4&#8243; _module_preset=&#8221;293c148a-616c-4b38-96b2-813f704719f0&#8243; link_option_url=&#8221;https:\/\/www.bltende.it\/?page_id=393&#8243; global_colors_info=&#8221;{}&#8221;]<\/p>\n<p><span>\u00c8 un servizio dedicato ai possessori di Partita Iva e si basa sulla possibilit\u00e0 di aggiungere una struttura Gibus alla propria attivit\u00e0 a fronte del pagamento di un canone mensile&#8230;<\/span><\/p>\n<p>[\/et_pb_text][\/et_pb_column][et_pb_column type=&#8221;1_2&#8243; _builder_version=&#8221;4.20.0&#8243; _module_preset=&#8221;default&#8221; global_colors_info=&#8221;{}&#8221;][et_pb_image src=&#8221;https:\/\/www.bltende.it\/wordpress\/wp-content\/uploads\/2025\/02\/GIBUS_VARIA_2.jpg&#8221; title_text=&#8221;GIBUS_VARIA_2&#8243; url=&#8221;https:\/\/www.bltende.it\/?page_id=418&#8243; use_overlay=&#8221;on&#8221; overlay_icon_color=&#8221;#000000&#8243; hover_overlay_color=&#8221;RGBA(255,255,255,0)&#8221; hover_icon=&#8221;&#xf00e;||fa||900&#8243; _builder_version=&#8221;4.27.4&#8243; _module_preset=&#8221;default&#8221; background_color=&#8221;rgba(0,0,0,0.04)&#8221; box_shadow_style=&#8221;preset4&#8243; box_shadow_horizontal=&#8221;0px&#8221; box_shadow_vertical=&#8221;0px&#8221; box_shadow_color=&#8221;rgba(0,0,0,0.05)&#8221; global_colors_info=&#8221;{}&#8221; transform_styles__hover_enabled=&#8221;on|hover&#8221; transform_scale__hover=&#8221;90%|90%&#8221; transform_scale__hover_enabled=&#8221;on|hover&#8221; transform_translate__hover_enabled=&#8221;on|desktop&#8221; transform_rotate__hover_enabled=&#8221;on|desktop&#8221; transform_skew__hover_enabled=&#8221;on|desktop&#8221; transform_origin__hover_enabled=&#8221;on|desktop&#8221; box_shadow_spread__hover=&#8221;30px&#8221; box_shadow_spread__hover_enabled=&#8221;on|hover&#8221;][\/et_pb_image][et_pb_text _builder_version=&#8221;4.27.4&#8243; _module_preset=&#8221;768cc6b2-8953-4281-a03c-3627a5152834&#8243; custom_margin=&#8221;||10px||false|false&#8221; link_option_url=&#8221;https:\/\/www.bltende.it\/?page_id=418&#8243; global_colors_info=&#8221;{}&#8221;]<\/p>\n<h4>SOGNI A TASSO ZERO<\/h4>\n<p>[\/et_pb_text][et_pb_text _builder_version=&#8221;4.27.4&#8243; _module_preset=&#8221;293c148a-616c-4b38-96b2-813f704719f0&#8243; link_option_url=&#8221;https:\/\/www.bltende.it\/?page_id=418&#8243; global_colors_info=&#8221;{}&#8221;]<\/p>\n<p><span>BL TENDE da molti anni \u00e8 impegnata nel fornire ai propri clienti gli strumenti pi\u00f9 convenienti per erogare un servizio di fondamentale importanza: il credito al consumo&#8230;<\/span><\/p>\n<p>[\/et_pb_text][\/et_pb_column][\/et_pb_row][et_pb_row _builder_version=&#8221;4.27.4&#8243; _module_preset=&#8221;default&#8221; column_structure=&#8221;1_3,1_3,1_3&#8243; hover_enabled=&#8221;0&#8243; sticky_enabled=&#8221;0&#8243; min_height=&#8221;204.4px&#8221; border_radii=&#8221;on|2px|2px|2px|2px&#8221; border_width_all=&#8221;2px&#8221; border_color_all=&#8221;#77D0F2&#8243; custom_margin=&#8221;16px||||false|false&#8221; custom_padding=&#8221;36px||||false|false&#8221;][et_pb_column _builder_version=&#8221;4.27.4&#8243; _module_preset=&#8221;default&#8221; type=&#8221;1_3&#8243;][et_pb_image src=&#8221;https:\/\/www.bltende.it\/wordpress\/wp-content\/uploads\/2025\/07\/pdf-241&#215;300.png&#8221; _builder_version=&#8221;4.27.4&#8243; _module_preset=&#8221;default&#8221; title_text=&#8221;pdf&#8221; width=&#8221;23%&#8221; align=&#8221;center&#8221; url=&#8221;https:\/\/www.bltende.it\/wordpress\/wp-content\/uploads\/2025\/07\/IVA-10.pdf&#8221; hover_enabled=&#8221;0&#8243; sticky_enabled=&#8221;0&#8243;][\/et_pb_image][et_pb_text _builder_version=&#8221;4.27.4&#8243; _module_preset=&#8221;default&#8221; hover_enabled=&#8221;0&#8243; sticky_enabled=&#8221;0&#8243;]<\/p>\n<h3 style=\"text-align: center;\"><a href=\"https:\/\/www.bltende.it\/wordpress\/wp-content\/uploads\/2025\/07\/IVA-10.pdf\">IVA AGEVOLATA 10%<\/a><\/h3>\n<p>[\/et_pb_text][\/et_pb_column][et_pb_column _builder_version=&#8221;4.27.4&#8243; _module_preset=&#8221;default&#8221; type=&#8221;1_3&#8243;][et_pb_image src=&#8221;https:\/\/www.bltende.it\/wordpress\/wp-content\/uploads\/2025\/07\/pdf-241&#215;300.png&#8221; _builder_version=&#8221;4.27.4&#8243; _module_preset=&#8221;default&#8221; title_text=&#8221;pdf&#8221; width=&#8221;23%&#8221; align=&#8221;center&#8221; url=&#8221;https:\/\/www.bltende.it\/wordpress\/wp-content\/uploads\/2025\/07\/dichiarazione_sostitutiva_iva10_fac_simile.pdf&#8221; hover_enabled=&#8221;0&#8243; sticky_enabled=&#8221;0&#8243;][\/et_pb_image][et_pb_text _builder_version=&#8221;4.27.4&#8243; _module_preset=&#8221;default&#8221; hover_enabled=&#8221;0&#8243; sticky_enabled=&#8221;0&#8243; link_option_url=&#8221;https:\/\/www.bltende.it\/wordpress\/wp-content\/uploads\/2025\/07\/dichiarazione_sostitutiva_iva10_fac_simile.pdf&#8221;]<\/p>\n<h3 style=\"text-align: center;\"><a href=\"https:\/\/www.bltende.it\/wordpress\/wp-content\/uploads\/2025\/07\/dichiarazione_sostitutiva_iva10_fac_simile.pdf\">IVA DICHIARAZIONE<\/a><\/h3>\n<p>[\/et_pb_text][\/et_pb_column][et_pb_column _builder_version=&#8221;4.27.4&#8243; _module_preset=&#8221;default&#8221; type=&#8221;1_3&#8243;][et_pb_image src=&#8221;https:\/\/www.bltende.it\/wordpress\/wp-content\/uploads\/2025\/07\/pdf-241&#215;300.png&#8221; _builder_version=&#8221;4.27.4&#8243; _module_preset=&#8221;default&#8221; title_text=&#8221;pdf&#8221; width=&#8221;23%&#8221; align=&#8221;center&#8221; url=&#8221;https:\/\/www.bltende.it\/wordpress\/wp-content\/uploads\/2025\/07\/bonus-casa.pdf&#8221; hover_enabled=&#8221;0&#8243; sticky_enabled=&#8221;0&#8243;][\/et_pb_image][et_pb_text _builder_version=&#8221;4.27.4&#8243; _module_preset=&#8221;default&#8221; hover_enabled=&#8221;0&#8243; sticky_enabled=&#8221;0&#8243;]<\/p>\n<h3 style=\"text-align: center;\"><a href=\"https:\/\/www.bltende.it\/wordpress\/wp-content\/uploads\/2025\/07\/bonus-casa.pdf\">BONUS CASA<\/a><\/h3>\n<p>[\/et_pb_text][\/et_pb_column][\/et_pb_row][\/et_pb_section]<\/p>\n","protected":false},"excerpt":{"rendered":"<p>DETRAZIONIECOBONUSCon il Decreto Legge n.11 del 16 febbraio 2023 l\u2019opzione Sconto in Fattura per Ecobonus 50% non \u00e8 pi\u00f9 disponibile. L\u2019Ecobonus, modificato dalla Manovra, prevede una detrazione del 50%&#8230;Attivit\u00e0 edilizia liberaI permessi per aggiungere una pergola alla propria abitazione. Una delle domande pi\u00f9 frequenti che ci vengono fatte \u00e8: i permessi comunali sono necessari per [&hellip;]<\/p>\n","protected":false},"author":2,"featured_media":684,"parent":0,"menu_order":0,"comment_status":"closed","ping_status":"closed","template":"","meta":{"_et_pb_use_builder":"on","_et_pb_old_content":"<p>[vc_row][vc_column][vc_empty_space height=\"140px\"][vc_masonry_grid post_type=\"page\" max_items=\"10\" element_width=\"6\" grid_id=\"vc_gid:1613037012068-bbbf9879628a5967911025f270d9fe4b-3\" exclude=\"5, 753, 157, 639\"][\/vc_column][\/vc_row]<\/p>\n","_et_gb_content_width":"","footnotes":""},"class_list":["post-753","page","type-page","status-publish","has-post-thumbnail","hentry"],"aioseo_notices":[],"_links":{"self":[{"href":"https:\/\/www.bltende.it\/index.php?rest_route=\/wp\/v2\/pages\/753","targetHints":{"allow":["GET"]}}],"collection":[{"href":"https:\/\/www.bltende.it\/index.php?rest_route=\/wp\/v2\/pages"}],"about":[{"href":"https:\/\/www.bltende.it\/index.php?rest_route=\/wp\/v2\/types\/page"}],"author":[{"embeddable":true,"href":"https:\/\/www.bltende.it\/index.php?rest_route=\/wp\/v2\/users\/2"}],"replies":[{"embeddable":true,"href":"https:\/\/www.bltende.it\/index.php?rest_route=%2Fwp%2Fv2%2Fcomments&post=753"}],"version-history":[{"count":29,"href":"https:\/\/www.bltende.it\/index.php?rest_route=\/wp\/v2\/pages\/753\/revisions"}],"predecessor-version":[{"id":2146,"href":"https:\/\/www.bltende.it\/index.php?rest_route=\/wp\/v2\/pages\/753\/revisions\/2146"}],"wp:featuredmedia":[{"embeddable":true,"href":"https:\/\/www.bltende.it\/index.php?rest_route=\/wp\/v2\/media\/684"}],"wp:attachment":[{"href":"https:\/\/www.bltende.it\/index.php?rest_route=%2Fwp%2Fv2%2Fmedia&parent=753"}],"curies":[{"name":"wp","href":"https:\/\/api.w.org\/{rel}","templated":true}]}}